{"id":10883,"date":"2022-08-15T11:08:25","date_gmt":"2022-08-15T09:08:25","guid":{"rendered":"https:\/\/nolle.engineering\/?page_id=10883"},"modified":"2025-01-17T18:25:23","modified_gmt":"2025-01-17T17:25:23","slug":"haeufig-gestellte-fragen","status":"publish","type":"page","link":"https:\/\/nolle.engineering\/en\/haeufig-gestellte-fragen\/","title":{"rendered":"H\u00e4ufig gestellte Fragen"},"content":{"rendered":"<h2 class=\"wp-block-heading\">Ice Cone Feed \/ QO100<\/h2>\n\n\n\n<p>F: Passt der IceConeFeed v2 auf meinen LNB?<\/p>\n\n\n\n<p>A: Der IceConeFeed passt auf alle LNBs, deren Durchmesser 61mm nicht \u00fcberschreitet. F\u00fcr die meisten LNBs wird ein Adapterring ben\u00f6tigt (<a href=\"https:\/\/nolle.engineering\/en\/ice-cone-feed\/\" data-type=\"page\" data-id=\"232\">siehe hier<\/a>), manche LNBs k\u00f6nnen ohne Adapter montiert werden. Falls Ihr Euch unsicher seid, ob Euer LNB passt, bitte bei Bestellung eine kurze Notiz mitschicken.<\/p>\n\n\n\n<p><\/p>\n\n\n\n<div class=\"wp-block-columns is-layout-flex wp-container-core-columns-is-layout-9d6595d7 wp-block-columns-is-layout-flex\">\n<div class=\"wp-block-column is-layout-flow wp-block-column-is-layout-flow\" style=\"flex-basis:66.66%\">\n<p>F: Meine Messung des IceConeFeed zeigt einen hohen SWR.<br><br>A: Vor Auslieferungen werden alle IceConeFeeds auf 2.4GHz abgestimmt. Der erzielte SWR ist typischerweise &lt; 1.1. F\u00fcr die Abstimmung wird ein ensprechender VNA ben\u00f6tigt. Dieser muss zwingend kalibriert sind, dazu ist ein passender Kalibrierungskit zu verwenden (Beispiel siehe Anzeige rechts). Au\u00dferdem sollte die Messung mit eingesetzem LNB und aufgeschraubtem Radom durchgef\u00fchrt werden.<\/p>\n<\/div>\n\n\n\n<div class=\"wp-block-column is-layout-flow wp-block-column-is-layout-flow\" style=\"flex-basis:33.33%\">\n<iframe sandbox=\"allow-popups allow-scripts allow-modals allow-forms allow-same-origin\" style=\"width:120px;height:240px;\" marginwidth=\"0\" marginheight=\"0\" scrolling=\"no\" frameborder=\"0\" src=\"\/\/ws-eu.amazon-adsystem.com\/widgets\/q?ServiceVersion=20070822&amp;OneJS=1&amp;Operation=GetAdHtml&amp;MarketPlace=DE&amp;source=ss&amp;ref=as_ss_li_til&amp;ad_type=product_link&amp;tracking_id=nolleengineer-21&amp;language=de_DE&amp;marketplace=amazon&amp;region=DE&amp;placement=B07DGMW7YS&amp;asins=B07DGMW7YS&amp;linkId=57258cb53133778a7e0d4d73c1a2ba2b&amp;show_border=false&amp;link_opens_in_new_window=true\"><\/iframe>\n<\/div>\n<\/div>\n\n\n\n<p>F: Die STL Files der IceConeFeed DIY Version drucken in schlechter Qualit\u00e4t.<\/p>\n\n\n\n<p>A: Ein Grund k\u00f6nnte sein, dass versucht wird, die Teile in der Position zu drucken, in der sie in der STL Datei abgespeichert sind. Zum Beispiel der Reflector Support steht &#8220;senkrecht&#8221; im STL file. Im Slicer muss dieser in eine waagerechte Orientierung gebracht werden (in PrusaSlicer hei\u00dft diese Funktion &#8220;place on face&#8221;). Dasselbe gilt auch f\u00fcr das Radom:<\/p>\n\n\n\n<div class=\"wp-block-columns is-layout-flex wp-container-core-columns-is-layout-9d6595d7 wp-block-columns-is-layout-flex\">\n<div class=\"wp-block-column is-layout-flow wp-block-column-is-layout-flow\" style=\"flex-basis:100%\">\n<figure class=\"wp-block-gallery has-nested-images columns-2 is-cropped wp-block-gallery-2 is-layout-flex wp-block-gallery-is-layout-flex\">\n<figure class=\"wp-block-image size-large\"><a href=\"https:\/\/nolle.engineering\/wp-content\/uploads\/2025\/01\/image.png\"><img loading=\"lazy\" decoding=\"async\" width=\"1024\" height=\"651\" data-id=\"13750\" src=\"https:\/\/nolle.engineering\/wp-content\/uploads\/2025\/01\/image-1024x651.png\" alt=\"\" class=\"wp-image-13750\" srcset=\"https:\/\/nolle.engineering\/wp-content\/uploads\/2025\/01\/image-1024x651.png 1024w, https:\/\/nolle.engineering\/wp-content\/uploads\/2025\/01\/image-300x191.png 300w, https:\/\/nolle.engineering\/wp-content\/uploads\/2025\/01\/image-768x489.png 768w, https:\/\/nolle.engineering\/wp-content\/uploads\/2025\/01\/image-1536x977.png 1536w, https:\/\/nolle.engineering\/wp-content\/uploads\/2025\/01\/image-2048x1303.png 2048w, https:\/\/nolle.engineering\/wp-content\/uploads\/2025\/01\/image-18x12.png 18w, https:\/\/nolle.engineering\/wp-content\/uploads\/2025\/01\/image-1320x840.png 1320w, https:\/\/nolle.engineering\/wp-content\/uploads\/2025\/01\/image-700x445.png 700w\" sizes=\"auto, (max-width: 1024px) 100vw, 1024px\" \/><\/a><\/figure>\n\n\n\n<figure class=\"wp-block-image size-large\"><a href=\"https:\/\/nolle.engineering\/wp-content\/uploads\/2025\/01\/flat2-scaled.jpg\"><img loading=\"lazy\" decoding=\"async\" width=\"1024\" height=\"601\" data-id=\"13752\" src=\"https:\/\/nolle.engineering\/wp-content\/uploads\/2025\/01\/flat2-1024x601.jpg\" alt=\"\" class=\"wp-image-13752\" srcset=\"https:\/\/nolle.engineering\/wp-content\/uploads\/2025\/01\/flat2-1024x601.jpg 1024w, https:\/\/nolle.engineering\/wp-content\/uploads\/2025\/01\/flat2-300x176.jpg 300w, https:\/\/nolle.engineering\/wp-content\/uploads\/2025\/01\/flat2-768x451.jpg 768w, https:\/\/nolle.engineering\/wp-content\/uploads\/2025\/01\/flat2-1536x902.jpg 1536w, https:\/\/nolle.engineering\/wp-content\/uploads\/2025\/01\/flat2-2048x1202.jpg 2048w, https:\/\/nolle.engineering\/wp-content\/uploads\/2025\/01\/flat2-18x12.jpg 18w, https:\/\/nolle.engineering\/wp-content\/uploads\/2025\/01\/flat2-1320x775.jpg 1320w, https:\/\/nolle.engineering\/wp-content\/uploads\/2025\/01\/flat2-700x411.jpg 700w\" sizes=\"auto, (max-width: 1024px) 100vw, 1024px\" \/><\/a><\/figure>\n\n\n\n<figure class=\"wp-block-image size-large\"><a href=\"https:\/\/nolle.engineering\/wp-content\/uploads\/2025\/01\/flat3-scaled.jpg\"><img loading=\"lazy\" decoding=\"async\" width=\"1024\" height=\"654\" data-id=\"13753\" src=\"https:\/\/nolle.engineering\/wp-content\/uploads\/2025\/01\/flat3-1024x654.jpg\" alt=\"\" class=\"wp-image-13753\" srcset=\"https:\/\/nolle.engineering\/wp-content\/uploads\/2025\/01\/flat3-1024x654.jpg 1024w, https:\/\/nolle.engineering\/wp-content\/uploads\/2025\/01\/flat3-300x192.jpg 300w, https:\/\/nolle.engineering\/wp-content\/uploads\/2025\/01\/flat3-768x491.jpg 768w, https:\/\/nolle.engineering\/wp-content\/uploads\/2025\/01\/flat3-1536x982.jpg 1536w, https:\/\/nolle.engineering\/wp-content\/uploads\/2025\/01\/flat3-2048x1309.jpg 2048w, https:\/\/nolle.engineering\/wp-content\/uploads\/2025\/01\/flat3-18x12.jpg 18w, https:\/\/nolle.engineering\/wp-content\/uploads\/2025\/01\/flat3-1320x844.jpg 1320w, https:\/\/nolle.engineering\/wp-content\/uploads\/2025\/01\/flat3-700x447.jpg 700w\" sizes=\"auto, (max-width: 1024px) 100vw, 1024px\" \/><\/a><\/figure>\n\n\n\n<figure class=\"wp-block-image size-large\"><a href=\"https:\/\/nolle.engineering\/wp-content\/uploads\/2025\/01\/flat4-scaled.jpg\"><img loading=\"lazy\" decoding=\"async\" width=\"1024\" height=\"650\" data-id=\"13754\" src=\"https:\/\/nolle.engineering\/wp-content\/uploads\/2025\/01\/flat4-1024x650.jpg\" alt=\"\" class=\"wp-image-13754\" srcset=\"https:\/\/nolle.engineering\/wp-content\/uploads\/2025\/01\/flat4-1024x650.jpg 1024w, https:\/\/nolle.engineering\/wp-content\/uploads\/2025\/01\/flat4-300x190.jpg 300w, https:\/\/nolle.engineering\/wp-content\/uploads\/2025\/01\/flat4-768x487.jpg 768w, https:\/\/nolle.engineering\/wp-content\/uploads\/2025\/01\/flat4-1536x974.jpg 1536w, https:\/\/nolle.engineering\/wp-content\/uploads\/2025\/01\/flat4-2048x1299.jpg 2048w, https:\/\/nolle.engineering\/wp-content\/uploads\/2025\/01\/flat4-18x12.jpg 18w, https:\/\/nolle.engineering\/wp-content\/uploads\/2025\/01\/flat4-1320x837.jpg 1320w, https:\/\/nolle.engineering\/wp-content\/uploads\/2025\/01\/flat4-700x444.jpg 700w\" sizes=\"auto, (max-width: 1024px) 100vw, 1024px\" \/><\/a><\/figure>\n<\/figure>\n<\/div>\n<\/div>","protected":false},"excerpt":{"rendered":"<p>Ice Cone Feed \/ QO100 F: Passt der IceConeFeed v2 auf meinen LNB? A: Der IceConeFeed passt auf alle LNBs, deren Durchmesser 61mm nicht \u00fcberschreitet. F\u00fcr die meisten LNBs wird ein Adapterring ben\u00f6tigt (siehe hier), manche LNBs k\u00f6nnen ohne Adapter montiert werden. Falls Ihr Euch unsicher seid, ob Euer LNB passt, bitte bei Bestellung eine&#8230; <\/p>\n<div class=\"link-more\"><a href=\"https:\/\/nolle.engineering\/en\/haeufig-gestellte-fragen\/\">Read More<\/a><\/div>","protected":false},"author":2,"featured_media":0,"parent":0,"menu_order":0,"comment_status":"closed","ping_status":"closed","template":"","meta":{"footnotes":""},"class_list":["post-10883","page","type-page","status-publish","hentry"],"yoast_head":"<!-- This site is optimized with the Yoast SEO plugin v22.0 - https:\/\/yoast.com\/wordpress\/plugins\/seo\/ -->\n<title>H\u00e4ufig gestellte Fragen - nolle.engineering<\/title>\n<meta name=\"robots\" content=\"index, follow, max-snippet:-1, max-image-preview:large, max-video-preview:-1\" \/>\n<link rel=\"canonical\" href=\"https:\/\/nolle.engineering\/en\/haeufig-gestellte-fragen\/\" \/>\n<meta property=\"og:locale\" content=\"en_US\" \/>\n<meta property=\"og:type\" content=\"article\" \/>\n<meta property=\"og:title\" content=\"H\u00e4ufig gestellte Fragen - nolle.engineering\" \/>\n<meta property=\"og:description\" content=\"Ice Cone Feed \/ QO100 F: Passt der IceConeFeed v2 auf meinen LNB? A: Der IceConeFeed passt auf alle LNBs, deren Durchmesser 61mm nicht \u00fcberschreitet. F\u00fcr die meisten LNBs wird ein Adapterring ben\u00f6tigt (siehe hier), manche LNBs k\u00f6nnen ohne Adapter montiert werden. Falls Ihr Euch unsicher seid, ob Euer LNB passt, bitte bei Bestellung eine... Read More\" \/>\n<meta property=\"og:url\" content=\"https:\/\/nolle.engineering\/en\/haeufig-gestellte-fragen\/\" \/>\n<meta property=\"og:site_name\" content=\"nolle.engineering\" \/>\n<meta property=\"article:modified_time\" content=\"2025-01-17T17:25:23+00:00\" \/>\n<meta property=\"og:image\" content=\"https:\/\/nolle.engineering\/wp-content\/uploads\/2025\/01\/image-1024x651.png\" \/>\n<meta name=\"twitter:card\" content=\"summary_large_image\" \/>\n<meta name=\"twitter:label1\" content=\"Est. reading time\" \/>\n\t<meta name=\"twitter:data1\" content=\"2 minutes\" \/>\n<script type=\"application\/ld+json\" class=\"yoast-schema-graph\">{\"@context\":\"https:\/\/schema.org\",\"@graph\":[{\"@type\":\"WebPage\",\"@id\":\"https:\/\/nolle.engineering\/haeufig-gestellte-fragen\/\",\"url\":\"https:\/\/nolle.engineering\/haeufig-gestellte-fragen\/\",\"name\":\"H\u00e4ufig gestellte Fragen - nolle.engineering\",\"isPartOf\":{\"@id\":\"https:\/\/nolle.engineering\/#website\"},\"datePublished\":\"2022-08-15T09:08:25+00:00\",\"dateModified\":\"2025-01-17T17:25:23+00:00\",\"breadcrumb\":{\"@id\":\"https:\/\/nolle.engineering\/haeufig-gestellte-fragen\/#breadcrumb\"},\"inLanguage\":\"en-US\",\"potentialAction\":[{\"@type\":\"ReadAction\",\"target\":[\"https:\/\/nolle.engineering\/haeufig-gestellte-fragen\/\"]}]},{\"@type\":\"BreadcrumbList\",\"@id\":\"https:\/\/nolle.engineering\/haeufig-gestellte-fragen\/#breadcrumb\",\"itemListElement\":[{\"@type\":\"ListItem\",\"position\":1,\"name\":\"Startseite\",\"item\":\"https:\/\/nolle.engineering\/\"},{\"@type\":\"ListItem\",\"position\":2,\"name\":\"H\u00e4ufig gestellte Fragen\"}]},{\"@type\":\"WebSite\",\"@id\":\"https:\/\/nolle.engineering\/#website\",\"url\":\"https:\/\/nolle.engineering\/\",\"name\":\"nolle.engineering\",\"description\":\"explore \/ design \/ make\",\"potentialAction\":[{\"@type\":\"SearchAction\",\"target\":{\"@type\":\"EntryPoint\",\"urlTemplate\":\"https:\/\/nolle.engineering\/?s={search_term_string}\"},\"query-input\":\"required name=search_term_string\"}],\"inLanguage\":\"en-US\"}]}<\/script>\n<!-- \/ Yoast SEO plugin. -->","yoast_head_json":{"title":"H\u00e4ufig gestellte Fragen - nolle.engineering","robots":{"index":"index","follow":"follow","max-snippet":"max-snippet:-1","max-image-preview":"max-image-preview:large","max-video-preview":"max-video-preview:-1"},"canonical":"https:\/\/nolle.engineering\/en\/haeufig-gestellte-fragen\/","og_locale":"en_US","og_type":"article","og_title":"H\u00e4ufig gestellte Fragen - nolle.engineering","og_description":"Ice Cone Feed \/ QO100 F: Passt der IceConeFeed v2 auf meinen LNB? A: Der IceConeFeed passt auf alle LNBs, deren Durchmesser 61mm nicht \u00fcberschreitet. F\u00fcr die meisten LNBs wird ein Adapterring ben\u00f6tigt (siehe hier), manche LNBs k\u00f6nnen ohne Adapter montiert werden. Falls Ihr Euch unsicher seid, ob Euer LNB passt, bitte bei Bestellung eine... Read More","og_url":"https:\/\/nolle.engineering\/en\/haeufig-gestellte-fragen\/","og_site_name":"nolle.engineering","article_modified_time":"2025-01-17T17:25:23+00:00","og_image":[{"url":"https:\/\/nolle.engineering\/wp-content\/uploads\/2025\/01\/image-1024x651.png"}],"twitter_card":"summary_large_image","twitter_misc":{"Est. reading time":"2 minutes"},"schema":{"@context":"https:\/\/schema.org","@graph":[{"@type":"WebPage","@id":"https:\/\/nolle.engineering\/haeufig-gestellte-fragen\/","url":"https:\/\/nolle.engineering\/haeufig-gestellte-fragen\/","name":"H\u00e4ufig gestellte Fragen - nolle.engineering","isPartOf":{"@id":"https:\/\/nolle.engineering\/#website"},"datePublished":"2022-08-15T09:08:25+00:00","dateModified":"2025-01-17T17:25:23+00:00","breadcrumb":{"@id":"https:\/\/nolle.engineering\/haeufig-gestellte-fragen\/#breadcrumb"},"inLanguage":"en-US","potentialAction":[{"@type":"ReadAction","target":["https:\/\/nolle.engineering\/haeufig-gestellte-fragen\/"]}]},{"@type":"BreadcrumbList","@id":"https:\/\/nolle.engineering\/haeufig-gestellte-fragen\/#breadcrumb","itemListElement":[{"@type":"ListItem","position":1,"name":"Startseite","item":"https:\/\/nolle.engineering\/"},{"@type":"ListItem","position":2,"name":"H\u00e4ufig gestellte Fragen"}]},{"@type":"WebSite","@id":"https:\/\/nolle.engineering\/#website","url":"https:\/\/nolle.engineering\/","name":"nolle.engineering","description":"explore \/ design \/ make","potentialAction":[{"@type":"SearchAction","target":{"@type":"EntryPoint","urlTemplate":"https:\/\/nolle.engineering\/?s={search_term_string}"},"query-input":"required name=search_term_string"}],"inLanguage":"en-US"}]}},"jetpack_sharing_enabled":true,"_links":{"self":[{"href":"https:\/\/nolle.engineering\/en\/wp-json\/wp\/v2\/pages\/10883","targetHints":{"allow":["GET"]}}],"collection":[{"href":"https:\/\/nolle.engineering\/en\/wp-json\/wp\/v2\/pages"}],"about":[{"href":"https:\/\/nolle.engineering\/en\/wp-json\/wp\/v2\/types\/page"}],"author":[{"embeddable":true,"href":"https:\/\/nolle.engineering\/en\/wp-json\/wp\/v2\/users\/2"}],"replies":[{"embeddable":true,"href":"https:\/\/nolle.engineering\/en\/wp-json\/wp\/v2\/comments?post=10883"}],"version-history":[{"count":8,"href":"https:\/\/nolle.engineering\/en\/wp-json\/wp\/v2\/pages\/10883\/revisions"}],"predecessor-version":[{"id":13756,"href":"https:\/\/nolle.engineering\/en\/wp-json\/wp\/v2\/pages\/10883\/revisions\/13756"}],"wp:attachment":[{"href":"https:\/\/nolle.engineering\/en\/wp-json\/wp\/v2\/media?parent=10883"}],"curies":[{"name":"wp","href":"https:\/\/api.w.org\/{rel}","templated":true}]}}