{"id":62,"date":"2021-06-16T17:27:53","date_gmt":"2021-06-16T15:27:53","guid":{"rendered":"http:\/\/dc8pat.de\/?page_id=62"},"modified":"2026-01-20T18:36:18","modified_gmt":"2026-01-20T17:36:18","slug":"impressum","status":"publish","type":"page","link":"https:\/\/nolle.engineering\/en\/impressum\/","title":{"rendered":"Impressum"},"content":{"rendered":"<p>Nolle Engineering GmbH<\/p>\n\n\n\n<p>Inh. Dipl.-Ing. Patric Nolle<br>Angerstr. 31<br>85635 H\u00f6henkirchen-Siegertsbrunn<\/p>\n\n\n\n<p>E-Mail : info@nolle.engineering<\/p>\n\n\n\n<p>Internet: nolle.engineering<\/p>\n\n\n\n<p><\/p>\n\n\n\n<p>USt-IdNr.: DE459379949<\/p>\n\n\n\n<p>eingetragen im Handelsregister B des Amtsgerichtes M\u00fcnchen<br>Handelsregisternummer HRB 307916<\/p>\n\n\n\n<p>Haftungshinweis:<\/p>\n\n\n\n<p>Die auf dieser Website bereitgestellten Informationen und Links wurden sorgf\u00e4ltig gepr\u00fcft. Dessen ungeachtet \u00fcbernimmt die Nolle Engineering GmbH keine Garantie daf\u00fcr, dass die Angaben vollst\u00e4ndig, richtig und in jedem Fall aktuell sind.<br>Trotz sorgf\u00e4ltiger inhaltlicher Kontrolle \u00fcbernehmen wir keine Haftung f\u00fcr die Inhalte der externen Links auf die diese Webseite verweist. F\u00fcr den Inhalt der verlinkten Seiten sind ausschlie\u00dflich deren Betreiber zust\u00e4ndig.<\/p>\n\n\n\n<p>Dies gilt auch f\u00fcr Verbindungen (Links), auf die diese Website direkt oder indirekt verweist. Die Nolle Engineering GmbH &#8211; ist f\u00fcr Inhalte einer Internetseite, die mit einem solchen Link erreicht wird, nicht verantwortlich. Die Nolle Engineering GmbH beh\u00e4lt sich das Recht vor, ohne vorherige Ank\u00fcndigung, \u00c4nderungen oder Erg\u00e4nzungen der bereitgestellten Informationen vorzunehmen. Die Nolle Engineering GmbH haftet nicht f\u00fcr direkte oder indirekte Sch\u00e4den, einschlie\u00dflich entgangenen Gewinns, die aufgrund von Informationen entstehen, die auf dieser Website bereitgehalten oder von dieser Website verlinkt werden. Eine Verlinkung auf die Website der Nolle Engineering GmbH bedarf immer einer schriftlichen Genehmigung.<\/p>","protected":false},"excerpt":{"rendered":"<p>Nolle Engineering GmbH Inh. Dipl.-Ing. Patric NolleAngerstr. 3185635 H\u00f6henkirchen-Siegertsbrunn E-Mail : info@nolle.engineering Internet: nolle.engineering USt-IdNr.: DE459379949 eingetragen im Handelsregister B des Amtsgerichtes M\u00fcnchenHandelsregisternummer HRB 307916 Haftungshinweis: Die auf dieser Website bereitgestellten Informationen und Links wurden sorgf\u00e4ltig gepr\u00fcft. Dessen ungeachtet \u00fcbernimmt die Nolle Engineering GmbH keine Garantie daf\u00fcr, dass die Angaben vollst\u00e4ndig, richtig und in jedem&#8230; <\/p>\n<div class=\"link-more\"><a href=\"https:\/\/nolle.engineering\/en\/impressum\/\">Read More<\/a><\/div>","protected":false},"author":2,"featured_media":0,"parent":0,"menu_order":0,"comment_status":"closed","ping_status":"closed","template":"","meta":{"footnotes":""},"class_list":["post-62","page","type-page","status-publish","hentry"],"yoast_head":"<!-- This site is optimized with the Yoast SEO plugin v22.0 - https:\/\/yoast.com\/wordpress\/plugins\/seo\/ -->\n<title>Impressum - nolle.engineering<\/title>\n<meta name=\"robots\" content=\"index, follow, max-snippet:-1, max-image-preview:large, max-video-preview:-1\" \/>\n<link rel=\"canonical\" href=\"https:\/\/nolle.engineering\/en\/impressum\/\" \/>\n<meta property=\"og:locale\" content=\"en_US\" \/>\n<meta property=\"og:type\" content=\"article\" \/>\n<meta property=\"og:title\" content=\"Impressum - nolle.engineering\" \/>\n<meta property=\"og:description\" content=\"Nolle Engineering GmbH Inh. Dipl.-Ing. Patric NolleAngerstr. 3185635 H\u00f6henkirchen-Siegertsbrunn E-Mail : info@nolle.engineering Internet: nolle.engineering USt-IdNr.: DE459379949 eingetragen im Handelsregister B des Amtsgerichtes M\u00fcnchenHandelsregisternummer HRB 307916 Haftungshinweis: Die auf dieser Website bereitgestellten Informationen und Links wurden sorgf\u00e4ltig gepr\u00fcft. Dessen ungeachtet \u00fcbernimmt die Nolle Engineering GmbH keine Garantie daf\u00fcr, dass die Angaben vollst\u00e4ndig, richtig und in jedem... Read More\" \/>\n<meta property=\"og:url\" content=\"https:\/\/nolle.engineering\/en\/impressum\/\" \/>\n<meta property=\"og:site_name\" content=\"nolle.engineering\" \/>\n<meta property=\"article:modified_time\" content=\"2026-01-20T17:36:18+00:00\" \/>\n<meta name=\"twitter:card\" content=\"summary_large_image\" \/>\n<meta name=\"twitter:label1\" content=\"Est. reading time\" \/>\n\t<meta name=\"twitter:data1\" content=\"2 minutes\" \/>\n<script type=\"application\/ld+json\" class=\"yoast-schema-graph\">{\"@context\":\"https:\/\/schema.org\",\"@graph\":[{\"@type\":\"WebPage\",\"@id\":\"https:\/\/nolle.engineering\/impressum\/\",\"url\":\"https:\/\/nolle.engineering\/impressum\/\",\"name\":\"Impressum - nolle.engineering\",\"isPartOf\":{\"@id\":\"https:\/\/nolle.engineering\/#website\"},\"datePublished\":\"2021-06-16T15:27:53+00:00\",\"dateModified\":\"2026-01-20T17:36:18+00:00\",\"breadcrumb\":{\"@id\":\"https:\/\/nolle.engineering\/impressum\/#breadcrumb\"},\"inLanguage\":\"en-US\",\"potentialAction\":[{\"@type\":\"ReadAction\",\"target\":[\"https:\/\/nolle.engineering\/impressum\/\"]}]},{\"@type\":\"BreadcrumbList\",\"@id\":\"https:\/\/nolle.engineering\/impressum\/#breadcrumb\",\"itemListElement\":[{\"@type\":\"ListItem\",\"position\":1,\"name\":\"Startseite\",\"item\":\"https:\/\/nolle.engineering\/\"},{\"@type\":\"ListItem\",\"position\":2,\"name\":\"Impressum\"}]},{\"@type\":\"WebSite\",\"@id\":\"https:\/\/nolle.engineering\/#website\",\"url\":\"https:\/\/nolle.engineering\/\",\"name\":\"nolle.engineering\",\"description\":\"explore \/ design \/ make\",\"potentialAction\":[{\"@type\":\"SearchAction\",\"target\":{\"@type\":\"EntryPoint\",\"urlTemplate\":\"https:\/\/nolle.engineering\/?s={search_term_string}\"},\"query-input\":\"required name=search_term_string\"}],\"inLanguage\":\"en-US\"}]}<\/script>\n<!-- \/ Yoast SEO plugin. -->","yoast_head_json":{"title":"Impressum - nolle.engineering","robots":{"index":"index","follow":"follow","max-snippet":"max-snippet:-1","max-image-preview":"max-image-preview:large","max-video-preview":"max-video-preview:-1"},"canonical":"https:\/\/nolle.engineering\/en\/impressum\/","og_locale":"en_US","og_type":"article","og_title":"Impressum - nolle.engineering","og_description":"Nolle Engineering GmbH Inh. Dipl.-Ing. Patric NolleAngerstr. 3185635 H\u00f6henkirchen-Siegertsbrunn E-Mail : info@nolle.engineering Internet: nolle.engineering USt-IdNr.: DE459379949 eingetragen im Handelsregister B des Amtsgerichtes M\u00fcnchenHandelsregisternummer HRB 307916 Haftungshinweis: Die auf dieser Website bereitgestellten Informationen und Links wurden sorgf\u00e4ltig gepr\u00fcft. Dessen ungeachtet \u00fcbernimmt die Nolle Engineering GmbH keine Garantie daf\u00fcr, dass die Angaben vollst\u00e4ndig, richtig und in jedem... Read More","og_url":"https:\/\/nolle.engineering\/en\/impressum\/","og_site_name":"nolle.engineering","article_modified_time":"2026-01-20T17:36:18+00:00","twitter_card":"summary_large_image","twitter_misc":{"Est. reading time":"2 minutes"},"schema":{"@context":"https:\/\/schema.org","@graph":[{"@type":"WebPage","@id":"https:\/\/nolle.engineering\/impressum\/","url":"https:\/\/nolle.engineering\/impressum\/","name":"Impressum - nolle.engineering","isPartOf":{"@id":"https:\/\/nolle.engineering\/#website"},"datePublished":"2021-06-16T15:27:53+00:00","dateModified":"2026-01-20T17:36:18+00:00","breadcrumb":{"@id":"https:\/\/nolle.engineering\/impressum\/#breadcrumb"},"inLanguage":"en-US","potentialAction":[{"@type":"ReadAction","target":["https:\/\/nolle.engineering\/impressum\/"]}]},{"@type":"BreadcrumbList","@id":"https:\/\/nolle.engineering\/impressum\/#breadcrumb","itemListElement":[{"@type":"ListItem","position":1,"name":"Startseite","item":"https:\/\/nolle.engineering\/"},{"@type":"ListItem","position":2,"name":"Impressum"}]},{"@type":"WebSite","@id":"https:\/\/nolle.engineering\/#website","url":"https:\/\/nolle.engineering\/","name":"nolle.engineering","description":"explore \/ design \/ make","potentialAction":[{"@type":"SearchAction","target":{"@type":"EntryPoint","urlTemplate":"https:\/\/nolle.engineering\/?s={search_term_string}"},"query-input":"required name=search_term_string"}],"inLanguage":"en-US"}]}},"jetpack_sharing_enabled":true,"_links":{"self":[{"href":"https:\/\/nolle.engineering\/en\/wp-json\/wp\/v2\/pages\/62","targetHints":{"allow":["GET"]}}],"collection":[{"href":"https:\/\/nolle.engineering\/en\/wp-json\/wp\/v2\/pages"}],"about":[{"href":"https:\/\/nolle.engineering\/en\/wp-json\/wp\/v2\/types\/page"}],"author":[{"embeddable":true,"href":"https:\/\/nolle.engineering\/en\/wp-json\/wp\/v2\/users\/2"}],"replies":[{"embeddable":true,"href":"https:\/\/nolle.engineering\/en\/wp-json\/wp\/v2\/comments?post=62"}],"version-history":[{"count":6,"href":"https:\/\/nolle.engineering\/en\/wp-json\/wp\/v2\/pages\/62\/revisions"}],"predecessor-version":[{"id":14273,"href":"https:\/\/nolle.engineering\/en\/wp-json\/wp\/v2\/pages\/62\/revisions\/14273"}],"wp:attachment":[{"href":"https:\/\/nolle.engineering\/en\/wp-json\/wp\/v2\/media?parent=62"}],"curies":[{"name":"wp","href":"https:\/\/api.w.org\/{rel}","templated":true}]}}