{"id":81,"date":"2021-06-17T16:15:27","date_gmt":"2021-06-17T14:15:27","guid":{"rendered":"http:\/\/dc8pat.de\/revocation\/"},"modified":"2026-05-06T13:19:30","modified_gmt":"2026-05-06T11:19:30","slug":"revocation","status":"publish","type":"page","link":"https:\/\/nolle.engineering\/en\/revocation\/","title":{"rendered":"Cancellation Policy"},"content":{"rendered":"<h2 class=\"wp-block-heading\">Widerrufsrecht<\/h2>\n\n\n\n<p>Verbrauchern (\u00a7&nbsp;13 BGB) steht das nachfolgend beschriebene Widerrufsrecht zu. Gesch\u00e4ftskunden steht kein Widerrufsrecht zu.<\/p>\n\n\n\n<h3 class=\"wp-block-heading\">Widerrufsbelehrung<\/h3>\n\n\n\n<p>Sie haben das Recht, binnen vierzehn Tagen ohne Angabe von Gr\u00fcnden diesen Vertrag zu widerrufen.<\/p>\n\n\n\n<p>Die Widerrufsfrist betr\u00e4gt vierzehn Tage ab dem Tag, an dem Sie oder ein von Ihnen benannter Dritter, der nicht der Bef\u00f6rderer ist, die letzte Ware in Besitz genommen haben bzw. hat.<\/p>\n\n\n\n<p>Um Ihr Widerrufsrecht auszu\u00fcben, m\u00fcssen Sie uns informieren:<\/p>\n\n\n\n<p>Nolle Engineering GmbH<br>\nAngerstr.&nbsp;31<br>\n85635 H\u00f6henkirchen-Siegertsbrunn<br>\nDeutschland<br>\nTel.: +49&nbsp;172&nbsp;2734125<br>\nE-Mail: <a href=\"mailto:info@nolle.engineering\">info@nolle.engineering<\/a><\/p>\n\n\n\n<p>mittels einer eindeutigen Erkl\u00e4rung (z.&nbsp;B. ein mit der Post versandter Brief oder eine E-Mail) \u00fcber Ihren Entschluss, diesen Vertrag zu widerrufen. Zur Wahrung der Widerrufsfrist reicht es aus, dass Sie die Mitteilung \u00fcber die Aus\u00fcbung des Widerrufsrechts vor Ablauf der Widerrufsfrist absenden.<\/p>\n\n\n\n<h3 class=\"wp-block-heading\">Folgen des Widerrufs<\/h3>\n\n\n\n<p>Wenn Sie diesen Vertrag widerrufen, haben wir Ihnen alle Zahlungen, die wir von Ihnen erhalten haben, einschlie\u00dflich der Lieferkosten (mit Ausnahme der zus\u00e4tzlichen Kosten, die sich daraus ergeben, dass Sie eine andere Art der Lieferung als die von uns angebotene, g\u00fcnstigste Standardlieferung gew\u00e4hlt haben), unverz\u00fcglich und sp\u00e4testens binnen vierzehn Tagen ab dem Tag zur\u00fcckzuzahlen, an dem die Mitteilung \u00fcber Ihren Widerruf dieses Vertrags bei uns eingegangen ist.<\/p>\n\n\n\n<p>F\u00fcr diese R\u00fcckzahlung verwenden wir dasselbe Zahlungsmittel, das Sie bei der urspr\u00fcnglichen Transaktion eingesetzt haben, es sei denn, mit Ihnen wurde ausdr\u00fccklich etwas anderes vereinbart; in keinem Fall werden Ihnen wegen dieser R\u00fcckzahlung Entgelte berechnet. Wir k\u00f6nnen die R\u00fcckzahlung verweigern, bis wir die Waren wieder zur\u00fcckerhalten haben oder bis Sie den Nachweis erbracht haben, dass Sie die Waren zur\u00fcckgesandt haben, je nachdem, welches der fr\u00fchere Zeitpunkt ist.<\/p>\n\n\n\n<p>Sie haben die Waren unverz\u00fcglich und in jedem Fall sp\u00e4testens binnen vierzehn Tagen ab dem Tag, an dem Sie uns \u00fcber den Widerruf dieses Vertrags unterrichten, an uns zur\u00fcckzusenden oder zu \u00fcbergeben. Die Frist ist gewahrt, wenn Sie die Waren vor Ablauf der Frist von vierzehn Tagen absenden. Sie tragen die unmittelbaren Kosten der R\u00fccksendung der Waren.<\/p>\n\n\n\n<p>Sie m\u00fcssen f\u00fcr einen etwaigen Wertverlust der Waren nur aufkommen, wenn dieser Wertverlust auf einen zur Pr\u00fcfung der Beschaffenheit, Eigenschaften und Funktionsweise der Waren nicht notwendigen Umgang mit ihnen zur\u00fcckzuf\u00fchren ist.<\/p>\n\n\n\n<h2 class=\"wp-block-heading\">Muster-Widerrufsformular<\/h2>\n\n\n\n<p><em>(Wenn Sie den Vertrag widerrufen wollen, dann f\u00fcllen Sie bitte dieses Formular aus und senden Sie es zur\u00fcck.)<\/em><\/p>\n\n\n\n<p>An:<br>\nNolle Engineering GmbH<br>\nAngerstr.&nbsp;31<br>\n85635 H\u00f6henkirchen-Siegertsbrunn<br>\nDeutschland<br>\nE-Mail: <a href=\"mailto:info@nolle.engineering\">info@nolle.engineering<\/a><\/p>\n\n\n\n<p>Hiermit widerrufe(n) ich\/wir (*) den von mir\/uns (*) abgeschlossenen Vertrag \u00fcber den Kauf der folgenden Waren (*) \/ die Erbringung der folgenden Dienstleistung (*):<\/p>\n\n\n\n<ul class=\"wp-block-list\">\n<li>Bestellt am (*) \/ erhalten am (*): &nbsp;________________<\/li>\n<li>Name des\/der Verbraucher(s): &nbsp;________________<\/li>\n<li>Anschrift des\/der Verbraucher(s): &nbsp;________________<\/li>\n<li>Unterschrift des\/der Verbraucher(s) (nur bei Mitteilung auf Papier): &nbsp;________________<\/li>\n<li>Datum: &nbsp;________________<\/li>\n<\/ul>\n\n\n\n<p><em>(*) Unzutreffendes streichen.<\/em><\/p>\n\n\n\n\n<hr class=\"wp-block-separator\"\/>\n\n\n\n<h2 class=\"wp-block-heading\">Right of Withdrawal<\/h2>\n\n\n\n<p>Consumers (within the meaning of \u00a7&nbsp;13 BGB) have a right of withdrawal under the conditions below. The right of withdrawal does not apply to business customers.<\/p>\n\n\n\n<h3 class=\"wp-block-heading\">Withdrawal Notice<\/h3>\n\n\n\n<p>You have the right to withdraw from this contract within fourteen days without giving any reason.<\/p>\n\n\n\n<p>The withdrawal period is fourteen days from the day on which you, or a third party named by you who is not the carrier, takes possession of the last goods.<\/p>\n\n\n\n<p>To exercise your right of withdrawal, you must inform us:<\/p>\n\n\n\n<p>Nolle Engineering GmbH<br>\nAngerstr.&nbsp;31<br>\n85635 H\u00f6henkirchen-Siegertsbrunn<br>\nGermany<br>\nTel.: +49&nbsp;172&nbsp;2734125<br>\nE-mail: <a href=\"mailto:info@nolle.engineering\">info@nolle.engineering<\/a><\/p>\n\n\n\n<p>by means of a clear statement (e.g. a letter sent by post or e-mail) of your decision to withdraw from this contract. To meet the withdrawal deadline, it is sufficient for you to send your communication concerning your exercise of the right of withdrawal before the withdrawal period has expired.<\/p>\n\n\n\n<h3 class=\"wp-block-heading\">Consequences of Withdrawal<\/h3>\n\n\n\n<p>If you withdraw from this contract, we shall reimburse you all payments received from you, including delivery costs (with the exception of supplementary costs resulting from your choice of a type of delivery other than the least expensive type of standard delivery offered by us), without undue delay and in any event no later than fourteen days from the day on which we are informed about your decision to withdraw from this contract.<\/p>\n\n\n\n<p>We will use the same means of payment as you used for the initial transaction, unless you have expressly agreed otherwise; in any event, you will not incur any fees as a result of the reimbursement. We may withhold reimbursement until we have received the goods back or until you have supplied evidence of having sent back the goods, whichever is the earliest.<\/p>\n\n\n\n<p>You shall send back the goods, without undue delay and in any event no later than fourteen days from the day on which you communicate your withdrawal from this contract to us. The deadline is met if you send back the goods before the fourteen-day period expires. You bear the direct cost of returning the goods.<\/p>\n\n\n\n<p>You are only liable for any diminished value of the goods resulting from handling other than what is necessary to establish the nature, characteristics, and functioning of the goods.<\/p>\n\n\n\n<h2 class=\"wp-block-heading\">Annex: Model Withdrawal Form<\/h2>\n\n\n\n<p><em>(Complete and return this form only if you wish to withdraw from the contract.)<\/em><\/p>\n\n\n\n<p>To:<br>\nNolle Engineering GmbH<br>\nAngerstr.&nbsp;31<br>\n85635 H\u00f6henkirchen-Siegertsbrunn<br>\nGermany<br>\nE-mail: <a href=\"mailto:info@nolle.engineering\">info@nolle.engineering<\/a><\/p>\n\n\n\n<p>I\/We (*) hereby give notice that I\/we (*) withdraw from my\/our (*) contract of sale of the following goods (*) \/ for the provision of the following service (*):<\/p>\n\n\n\n<ul class=\"wp-block-list\">\n<li>Ordered on (*) \/ received on (*): &nbsp;________________<\/li>\n<li>Name of consumer(s): &nbsp;________________<\/li>\n<li>Address of consumer(s): &nbsp;________________<\/li>\n<li>Signature of consumer(s) (only if this form is notified on paper): &nbsp;________________<\/li>\n<li>Date: &nbsp;________________<\/li>\n<\/ul>\n\n\n\n<p><em>(*) Delete as appropriate.<\/em><\/p>\n\n\n\n<p style=\"font-size:0.9em;color:#666\"><em>The German version of this notice forms part of our <a href=\"\/en\/terms\/\">Allgemeine Gesch\u00e4ftsbedingungen<\/a> (\u00a7&nbsp;3); in case of doubt the German version prevails.<\/em><\/p>","protected":false},"excerpt":{"rendered":"<p>Widerrufsrecht Verbrauchern (\u00a7&nbsp;13 BGB) steht das nachfolgend beschriebene Widerrufsrecht zu. Gesch\u00e4ftskunden steht kein Widerrufsrecht zu. Widerrufsbelehrung Sie haben das Recht, binnen vierzehn Tagen ohne Angabe von Gr\u00fcnden diesen Vertrag zu widerrufen. Die Widerrufsfrist betr\u00e4gt vierzehn Tage ab dem Tag, an dem Sie oder ein von Ihnen benannter Dritter, der nicht der Bef\u00f6rderer ist, die letzte&#8230; <\/p>\n<div class=\"link-more\"><a href=\"https:\/\/nolle.engineering\/en\/revocation\/\">Read More<\/a><\/div>","protected":false},"author":1,"featured_media":0,"parent":0,"menu_order":0,"comment_status":"closed","ping_status":"closed","template":"","meta":{"footnotes":""},"class_list":["post-81","page","type-page","status-publish","hentry"],"yoast_head":"<!-- This site is optimized with the Yoast SEO plugin v22.0 - https:\/\/yoast.com\/wordpress\/plugins\/seo\/ -->\n<title>Cancellation Policy - nolle.engineering<\/title>\n<meta name=\"description\" content=\"Right of withdrawal and Model Withdrawal Form for consumer purchases at nolle.engineering. The German legal text is part of our AGB \u00a73.\" \/>\n<meta name=\"robots\" content=\"index, follow, max-snippet:-1, max-image-preview:large, max-video-preview:-1\" \/>\n<link rel=\"canonical\" href=\"https:\/\/nolle.engineering\/en\/revocation\/\" \/>\n<meta property=\"og:locale\" content=\"en_US\" \/>\n<meta property=\"og:type\" content=\"article\" \/>\n<meta property=\"og:title\" content=\"Cancellation Policy - nolle.engineering\" \/>\n<meta property=\"og:description\" content=\"Right of withdrawal and Model Withdrawal Form for consumer purchases at nolle.engineering. The German legal text is part of our AGB \u00a73.\" \/>\n<meta property=\"og:url\" content=\"https:\/\/nolle.engineering\/en\/revocation\/\" \/>\n<meta property=\"og:site_name\" content=\"nolle.engineering\" \/>\n<meta property=\"article:modified_time\" content=\"2026-05-06T11:19:30+00:00\" \/>\n<meta name=\"twitter:card\" content=\"summary_large_image\" \/>\n<meta name=\"twitter:label1\" content=\"Est. reading time\" \/>\n\t<meta name=\"twitter:data1\" content=\"5 minutes\" \/>\n<script type=\"application\/ld+json\" class=\"yoast-schema-graph\">{\"@context\":\"https:\/\/schema.org\",\"@graph\":[{\"@type\":\"WebPage\",\"@id\":\"https:\/\/nolle.engineering\/revocation\/\",\"url\":\"https:\/\/nolle.engineering\/revocation\/\",\"name\":\"Cancellation Policy - nolle.engineering\",\"isPartOf\":{\"@id\":\"https:\/\/nolle.engineering\/#website\"},\"datePublished\":\"2021-06-17T14:15:27+00:00\",\"dateModified\":\"2026-05-06T11:19:30+00:00\",\"description\":\"Right of withdrawal and Model Withdrawal Form for consumer purchases at nolle.engineering. The German legal text is part of our AGB \u00a73.\",\"breadcrumb\":{\"@id\":\"https:\/\/nolle.engineering\/revocation\/#breadcrumb\"},\"inLanguage\":\"en-US\",\"potentialAction\":[{\"@type\":\"ReadAction\",\"target\":[\"https:\/\/nolle.engineering\/revocation\/\"]}]},{\"@type\":\"BreadcrumbList\",\"@id\":\"https:\/\/nolle.engineering\/revocation\/#breadcrumb\",\"itemListElement\":[{\"@type\":\"ListItem\",\"position\":1,\"name\":\"Startseite\",\"item\":\"https:\/\/nolle.engineering\/\"},{\"@type\":\"ListItem\",\"position\":2,\"name\":\"Cancellation Policy\"}]},{\"@type\":\"WebSite\",\"@id\":\"https:\/\/nolle.engineering\/#website\",\"url\":\"https:\/\/nolle.engineering\/\",\"name\":\"nolle.engineering\",\"description\":\"explore \/ design \/ make\",\"publisher\":{\"@id\":\"https:\/\/nolle.engineering\/#organization\"},\"potentialAction\":[{\"@type\":\"SearchAction\",\"target\":{\"@type\":\"EntryPoint\",\"urlTemplate\":\"https:\/\/nolle.engineering\/?s={search_term_string}\"},\"query-input\":\"required name=search_term_string\"}],\"inLanguage\":\"en-US\"},{\"@type\":\"Organization\",\"@id\":\"https:\/\/nolle.engineering\/#organization\",\"name\":\"nolle.engineering\",\"url\":\"https:\/\/nolle.engineering\/\",\"logo\":{\"@type\":\"ImageObject\",\"inLanguage\":\"en-US\",\"@id\":\"https:\/\/nolle.engineering\/#\/schema\/logo\/image\/\",\"url\":\"https:\/\/nolle.engineering\/wp-content\/uploads\/2026\/04\/ne-logo-white.png\",\"contentUrl\":\"https:\/\/nolle.engineering\/wp-content\/uploads\/2026\/04\/ne-logo-white.png\",\"width\":2311,\"height\":1480,\"caption\":\"nolle.engineering\"},\"image\":{\"@id\":\"https:\/\/nolle.engineering\/#\/schema\/logo\/image\/\"}}]}<\/script>\n<!-- \/ Yoast SEO plugin. -->","yoast_head_json":{"title":"Cancellation Policy - nolle.engineering","description":"Right of withdrawal and Model Withdrawal Form for consumer purchases at nolle.engineering. The German legal text is part of our AGB \u00a73.","robots":{"index":"index","follow":"follow","max-snippet":"max-snippet:-1","max-image-preview":"max-image-preview:large","max-video-preview":"max-video-preview:-1"},"canonical":"https:\/\/nolle.engineering\/en\/revocation\/","og_locale":"en_US","og_type":"article","og_title":"Cancellation Policy - nolle.engineering","og_description":"Right of withdrawal and Model Withdrawal Form for consumer purchases at nolle.engineering. The German legal text is part of our AGB \u00a73.","og_url":"https:\/\/nolle.engineering\/en\/revocation\/","og_site_name":"nolle.engineering","article_modified_time":"2026-05-06T11:19:30+00:00","twitter_card":"summary_large_image","twitter_misc":{"Est. reading time":"5 minutes"},"schema":{"@context":"https:\/\/schema.org","@graph":[{"@type":"WebPage","@id":"https:\/\/nolle.engineering\/revocation\/","url":"https:\/\/nolle.engineering\/revocation\/","name":"Cancellation Policy - nolle.engineering","isPartOf":{"@id":"https:\/\/nolle.engineering\/#website"},"datePublished":"2021-06-17T14:15:27+00:00","dateModified":"2026-05-06T11:19:30+00:00","description":"Right of withdrawal and Model Withdrawal Form for consumer purchases at nolle.engineering. The German legal text is part of our AGB \u00a73.","breadcrumb":{"@id":"https:\/\/nolle.engineering\/revocation\/#breadcrumb"},"inLanguage":"en-US","potentialAction":[{"@type":"ReadAction","target":["https:\/\/nolle.engineering\/revocation\/"]}]},{"@type":"BreadcrumbList","@id":"https:\/\/nolle.engineering\/revocation\/#breadcrumb","itemListElement":[{"@type":"ListItem","position":1,"name":"Startseite","item":"https:\/\/nolle.engineering\/"},{"@type":"ListItem","position":2,"name":"Cancellation Policy"}]},{"@type":"WebSite","@id":"https:\/\/nolle.engineering\/#website","url":"https:\/\/nolle.engineering\/","name":"nolle.engineering","description":"explore \/ design \/ make","publisher":{"@id":"https:\/\/nolle.engineering\/#organization"},"potentialAction":[{"@type":"SearchAction","target":{"@type":"EntryPoint","urlTemplate":"https:\/\/nolle.engineering\/?s={search_term_string}"},"query-input":"required name=search_term_string"}],"inLanguage":"en-US"},{"@type":"Organization","@id":"https:\/\/nolle.engineering\/#organization","name":"nolle.engineering","url":"https:\/\/nolle.engineering\/","logo":{"@type":"ImageObject","inLanguage":"en-US","@id":"https:\/\/nolle.engineering\/#\/schema\/logo\/image\/","url":"https:\/\/nolle.engineering\/wp-content\/uploads\/2026\/04\/ne-logo-white.png","contentUrl":"https:\/\/nolle.engineering\/wp-content\/uploads\/2026\/04\/ne-logo-white.png","width":2311,"height":1480,"caption":"nolle.engineering"},"image":{"@id":"https:\/\/nolle.engineering\/#\/schema\/logo\/image\/"}}]}},"jetpack_sharing_enabled":true,"_links":{"self":[{"href":"https:\/\/nolle.engineering\/en\/wp-json\/wp\/v2\/pages\/81","targetHints":{"allow":["GET"]}}],"collection":[{"href":"https:\/\/nolle.engineering\/en\/wp-json\/wp\/v2\/pages"}],"about":[{"href":"https:\/\/nolle.engineering\/en\/wp-json\/wp\/v2\/types\/page"}],"author":[{"embeddable":true,"href":"https:\/\/nolle.engineering\/en\/wp-json\/wp\/v2\/users\/1"}],"replies":[{"embeddable":true,"href":"https:\/\/nolle.engineering\/en\/wp-json\/wp\/v2\/comments?post=81"}],"version-history":[{"count":2,"href":"https:\/\/nolle.engineering\/en\/wp-json\/wp\/v2\/pages\/81\/revisions"}],"predecessor-version":[{"id":14759,"href":"https:\/\/nolle.engineering\/en\/wp-json\/wp\/v2\/pages\/81\/revisions\/14759"}],"wp:attachment":[{"href":"https:\/\/nolle.engineering\/en\/wp-json\/wp\/v2\/media?parent=81"}],"curies":[{"name":"wp","href":"https:\/\/api.w.org\/{rel}","templated":true}]}}