{"id":10572,"date":"2022-03-03T16:07:05","date_gmt":"2022-03-03T15:07:05","guid":{"rendered":"https:\/\/nolle.engineering\/?post_type=product&#038;p=10572"},"modified":"2022-05-04T16:51:13","modified_gmt":"2022-05-04T14:51:13","slug":"poty-gehaeuse-sma","status":"publish","type":"product","link":"https:\/\/nolle.engineering\/en\/product\/poty-gehaeuse-sma\/","title":{"rendered":"POTY Geh\u00e4use (SMA)"},"content":{"rendered":"<p>3D gedrucktes Geh\u00e4use f\u00fcr das Standard QO100 POTY feed mit SMA Buchse (Typ-N ebenfalls erh\u00e4ltlich: <a href=\"https:\/\/nolle.engineering\/en\/product\/poty-gehaeuse-typ-n\/\">hier<\/a>).<\/p>\n<p>Bestehend aus 2 Elementen: Radom + R\u00fcckseite.<\/p>\n<p>Das Geh\u00e4use ist mit POTY kompatibel, die folgende Ma\u00dfe aufweisen:<\/p>\n<p><img loading=\"lazy\" decoding=\"async\" class=\"alignnone wp-image-10468\" src=\"https:\/\/nolle.engineering\/wp-content\/uploads\/2021\/12\/image-4-300x263.png\" alt=\"\" width=\"427\" height=\"374\" srcset=\"https:\/\/nolle.engineering\/wp-content\/uploads\/2021\/12\/image-4-300x263.png 300w, https:\/\/nolle.engineering\/wp-content\/uploads\/2021\/12\/image-4-700x614.png 700w, https:\/\/nolle.engineering\/wp-content\/uploads\/2021\/12\/image-4-768x674.png 768w, https:\/\/nolle.engineering\/wp-content\/uploads\/2021\/12\/image-4-14x12.png 14w, https:\/\/nolle.engineering\/wp-content\/uploads\/2021\/12\/image-4-342x300.png 342w, https:\/\/nolle.engineering\/wp-content\/uploads\/2021\/12\/image-4-400x351.png 400w, https:\/\/nolle.engineering\/wp-content\/uploads\/2021\/12\/image-4.png 884w\" sizes=\"auto, (max-width: 427px) 100vw, 427px\" \/><\/p>\n<p>Hinweise zur Montage:<br \/>\nDie 2 Geh\u00e4useh\u00e4lften sollten mit z.B. mit 2K Epoxy verklebt werden. Bitte beachten: die H\u00e4lften weisen jeweils ein Entl\u00fcftungsloch auf, welches nach unten zeigen sollte.<\/p>\n<p>&nbsp;<\/p>","protected":false},"excerpt":{"rendered":"<p>3D gedrucktes Geh\u00e4use f\u00fcr das Standard QO100 POTY feed mit SMA Buchse (Typ-N ebenfalls erh\u00e4ltlich: hier). Bestehend aus 2 Elementen: Radom + R\u00fcckseite. Das Geh\u00e4use ist mit POTY kompatibel, die folgende Ma\u00dfe aufweisen: Hinweise zur Montage: Die 2 Geh\u00e4useh\u00e4lften sollten mit z.B. mit 2K Epoxy verklebt werden. Bitte beachten: die H\u00e4lften weisen jeweils ein Entl\u00fcftungsloch&#8230; <\/p>\n<div class=\"link-more\"><a href=\"https:\/\/nolle.engineering\/en\/product\/poty-gehaeuse-sma\/\">Read More<\/a><\/div>","protected":false},"featured_media":10470,"template":"","meta":[],"product_brand":[],"product_cat":[21],"product_tag":[],"class_list":{"0":"post-10572","1":"product","2":"type-product","3":"status-publish","4":"has-post-thumbnail","6":"product_cat-qo100","8":"first","9":"instock","10":"taxable","11":"shipping-taxable","12":"purchasable","13":"product-type-simple"},"yoast_head":"<!-- This site is optimized with the Yoast SEO plugin v22.0 - https:\/\/yoast.com\/wordpress\/plugins\/seo\/ -->\n<title>POTY Geh\u00e4use (SMA) - nolle.engineering<\/title>\n<meta name=\"robots\" content=\"index, follow, max-snippet:-1, max-image-preview:large, max-video-preview:-1\" \/>\n<link rel=\"canonical\" href=\"https:\/\/nolle.engineering\/en\/product\/poty-gehaeuse-sma\/\" \/>\n<meta property=\"og:locale\" content=\"en_US\" \/>\n<meta property=\"og:type\" content=\"article\" \/>\n<meta property=\"og:title\" content=\"POTY Geh\u00e4use (SMA) - nolle.engineering\" \/>\n<meta property=\"og:description\" content=\"3D gedrucktes Geh\u00e4use f\u00fcr das Standard QO100 POTY feed mit SMA Buchse (Typ-N ebenfalls erh\u00e4ltlich: hier). Bestehend aus 2 Elementen: Radom + R\u00fcckseite. Das Geh\u00e4use ist mit POTY kompatibel, die folgende Ma\u00dfe aufweisen: Hinweise zur Montage: Die 2 Geh\u00e4useh\u00e4lften sollten mit z.B. mit 2K Epoxy verklebt werden. Bitte beachten: die H\u00e4lften weisen jeweils ein Entl\u00fcftungsloch... Read More\" \/>\n<meta property=\"og:url\" content=\"https:\/\/nolle.engineering\/en\/product\/poty-gehaeuse-sma\/\" \/>\n<meta property=\"og:site_name\" content=\"nolle.engineering\" \/>\n<meta property=\"article:modified_time\" content=\"2022-05-04T14:51:13+00:00\" \/>\n<meta property=\"og:image\" content=\"https:\/\/nolle.engineering\/wp-content\/uploads\/2021\/12\/image-6.png\" \/>\n\t<meta property=\"og:image:width\" content=\"872\" \/>\n\t<meta property=\"og:image:height\" content=\"806\" \/>\n\t<meta property=\"og:image:type\" content=\"image\/png\" \/>\n<meta name=\"twitter:card\" content=\"summary_large_image\" \/>\n<script type=\"application\/ld+json\" class=\"yoast-schema-graph\">{\"@context\":\"https:\/\/schema.org\",\"@graph\":[{\"@type\":\"WebPage\",\"@id\":\"https:\/\/nolle.engineering\/product\/poty-gehaeuse-sma\/\",\"url\":\"https:\/\/nolle.engineering\/product\/poty-gehaeuse-sma\/\",\"name\":\"POTY Geh\u00e4use (SMA) - nolle.engineering\",\"isPartOf\":{\"@id\":\"https:\/\/nolle.engineering\/#website\"},\"datePublished\":\"2022-03-03T15:07:05+00:00\",\"dateModified\":\"2022-05-04T14:51:13+00:00\",\"breadcrumb\":{\"@id\":\"https:\/\/nolle.engineering\/product\/poty-gehaeuse-sma\/#breadcrumb\"},\"inLanguage\":\"en-US\",\"potentialAction\":[{\"@type\":\"ReadAction\",\"target\":[\"https:\/\/nolle.engineering\/product\/poty-gehaeuse-sma\/\"]}]},{\"@type\":\"BreadcrumbList\",\"@id\":\"https:\/\/nolle.engineering\/product\/poty-gehaeuse-sma\/#breadcrumb\",\"itemListElement\":[{\"@type\":\"ListItem\",\"position\":1,\"name\":\"Startseite\",\"item\":\"https:\/\/nolle.engineering\/\"},{\"@type\":\"ListItem\",\"position\":2,\"name\":\"Shop\",\"item\":\"https:\/\/nolle.engineering\/shop\/\"},{\"@type\":\"ListItem\",\"position\":3,\"name\":\"POTY Geh\u00e4use (SMA)\"}]},{\"@type\":\"WebSite\",\"@id\":\"https:\/\/nolle.engineering\/#website\",\"url\":\"https:\/\/nolle.engineering\/\",\"name\":\"nolle.engineering\",\"description\":\"explore \/ design \/ make\",\"potentialAction\":[{\"@type\":\"SearchAction\",\"target\":{\"@type\":\"EntryPoint\",\"urlTemplate\":\"https:\/\/nolle.engineering\/?s={search_term_string}\"},\"query-input\":\"required name=search_term_string\"}],\"inLanguage\":\"en-US\"}]}<\/script>\n<!-- \/ Yoast SEO plugin. -->","yoast_head_json":{"title":"POTY Geh\u00e4use (SMA) - nolle.engineering","robots":{"index":"index","follow":"follow","max-snippet":"max-snippet:-1","max-image-preview":"max-image-preview:large","max-video-preview":"max-video-preview:-1"},"canonical":"https:\/\/nolle.engineering\/en\/product\/poty-gehaeuse-sma\/","og_locale":"en_US","og_type":"article","og_title":"POTY Geh\u00e4use (SMA) - nolle.engineering","og_description":"3D gedrucktes Geh\u00e4use f\u00fcr das Standard QO100 POTY feed mit SMA Buchse (Typ-N ebenfalls erh\u00e4ltlich: hier). Bestehend aus 2 Elementen: Radom + R\u00fcckseite. Das Geh\u00e4use ist mit POTY kompatibel, die folgende Ma\u00dfe aufweisen: Hinweise zur Montage: Die 2 Geh\u00e4useh\u00e4lften sollten mit z.B. mit 2K Epoxy verklebt werden. Bitte beachten: die H\u00e4lften weisen jeweils ein Entl\u00fcftungsloch... Read More","og_url":"https:\/\/nolle.engineering\/en\/product\/poty-gehaeuse-sma\/","og_site_name":"nolle.engineering","article_modified_time":"2022-05-04T14:51:13+00:00","og_image":[{"width":872,"height":806,"url":"https:\/\/nolle.engineering\/wp-content\/uploads\/2021\/12\/image-6.png","type":"image\/png"}],"twitter_card":"summary_large_image","schema":{"@context":"https:\/\/schema.org","@graph":[{"@type":"WebPage","@id":"https:\/\/nolle.engineering\/product\/poty-gehaeuse-sma\/","url":"https:\/\/nolle.engineering\/product\/poty-gehaeuse-sma\/","name":"POTY Geh\u00e4use (SMA) - nolle.engineering","isPartOf":{"@id":"https:\/\/nolle.engineering\/#website"},"datePublished":"2022-03-03T15:07:05+00:00","dateModified":"2022-05-04T14:51:13+00:00","breadcrumb":{"@id":"https:\/\/nolle.engineering\/product\/poty-gehaeuse-sma\/#breadcrumb"},"inLanguage":"en-US","potentialAction":[{"@type":"ReadAction","target":["https:\/\/nolle.engineering\/product\/poty-gehaeuse-sma\/"]}]},{"@type":"BreadcrumbList","@id":"https:\/\/nolle.engineering\/product\/poty-gehaeuse-sma\/#breadcrumb","itemListElement":[{"@type":"ListItem","position":1,"name":"Startseite","item":"https:\/\/nolle.engineering\/"},{"@type":"ListItem","position":2,"name":"Shop","item":"https:\/\/nolle.engineering\/shop\/"},{"@type":"ListItem","position":3,"name":"POTY Geh\u00e4use (SMA)"}]},{"@type":"WebSite","@id":"https:\/\/nolle.engineering\/#website","url":"https:\/\/nolle.engineering\/","name":"nolle.engineering","description":"explore \/ design \/ make","potentialAction":[{"@type":"SearchAction","target":{"@type":"EntryPoint","urlTemplate":"https:\/\/nolle.engineering\/?s={search_term_string}"},"query-input":"required name=search_term_string"}],"inLanguage":"en-US"}]}},"jetpack_sharing_enabled":true,"_links":{"self":[{"href":"https:\/\/nolle.engineering\/en\/wp-json\/wp\/v2\/product\/10572","targetHints":{"allow":["GET"]}}],"collection":[{"href":"https:\/\/nolle.engineering\/en\/wp-json\/wp\/v2\/product"}],"about":[{"href":"https:\/\/nolle.engineering\/en\/wp-json\/wp\/v2\/types\/product"}],"wp:featuredmedia":[{"embeddable":true,"href":"https:\/\/nolle.engineering\/en\/wp-json\/wp\/v2\/media\/10470"}],"wp:attachment":[{"href":"https:\/\/nolle.engineering\/en\/wp-json\/wp\/v2\/media?parent=10572"}],"wp:term":[{"taxonomy":"product_brand","embeddable":true,"href":"https:\/\/nolle.engineering\/en\/wp-json\/wp\/v2\/product_brand?post=10572"},{"taxonomy":"product_cat","embeddable":true,"href":"https:\/\/nolle.engineering\/en\/wp-json\/wp\/v2\/product_cat?post=10572"},{"taxonomy":"product_tag","embeddable":true,"href":"https:\/\/nolle.engineering\/en\/wp-json\/wp\/v2\/product_tag?post=10572"}],"curies":[{"name":"wp","href":"https:\/\/api.w.org\/{rel}","templated":true}]}}